{"id":719,"date":"2015-05-31T14:17:17","date_gmt":"2015-05-31T12:17:17","guid":{"rendered":"https:\/\/rosyjski-tlumacz.pl\/?page_id=719"},"modified":"2016-02-22T10:08:03","modified_gmt":"2016-02-22T09:08:03","slug":"%d1%80%d0%b5%d0%ba%d0%be%d0%bc%d0%b5%d0%bd%d0%b4%d0%b0%d1%86%d0%b8%d0%b8","status":"publish","type":"page","link":"https:\/\/rosyjski-tlumacz.pl\/ru\/%d1%80%d0%b5%d0%ba%d0%be%d0%bc%d0%b5%d0%bd%d0%b4%d0%b0%d1%86%d0%b8%d0%b8\/","title":{"rendered":"\u0420\u0435\u043a\u043e\u043c\u0435\u043d\u0434\u0430\u0446\u0438\u0438"},"content":{"rendered":"<div class=\"tabs-container tabs-left clearfix\"><ul class=\"tabs\"><li><a href=\"#\">\u00abLingwella\u00bb (\u0440\u0443\u0441\u0441\u043a\u0438\u0439)<\/a><\/li><li><a href=\"#\">\u041e\u041e\u041e \u00ab\u041c\u0430\u043d\u0413\u043e \u041a\u043e\u043d\u0441\u0430\u043b\u0442\u0438\u043d\u0433\u00bb (\u0440\u0443\u0441\u0441\u043a\u0438\u0439)<\/a><\/li><li><a href=\"#\">Marcin B\u0105czyk (\u0430\u043d\u0433\u043b\u0438\u0439\u0441\u043a\u0438\u0439)<\/a><\/li><li><a href=\"#\">Centrum O\u015bwiatowe Akademos (\u043f\u043e\u043b\u044c\u0441\u043a\u0438\u0439)<\/a><\/li><li><a href=\"#\">Key Training HR Consulting &amp; Coaching (\u043f\u043e\u043b\u044c\u0441\u043a\u0438\u0439)<\/a><\/li><\/ul><div class=\"panes\"><div class=\"pane\"><p class=\"gde-text\"><a href=\"https:\/\/rosyjski-tlumacz.pl\/wp-content\/uploads\/2016\/02\/Referencje-Tlumacz-Jezyka-Rosyjskiego-Lingwella_RU.pdf\" class=\"gde-link\"><i class=\"fa fa-download\"><\/i> (PDF, 80KB)<\/a><\/p>\n<iframe src=\"\/\/docs.google.com\/viewer?url=https%3A%2F%2Frosyjski-tlumacz.pl%2Fwp-content%2Fuploads%2F2016%2F02%2FReferencje-Tlumacz-Jezyka-Rosyjskiego-Lingwella_RU.pdf&hl=pl&embedded=true\" class=\"gde-frame\" style=\"width:100%; height:500px; border: none;\" scrolling=\"no\"><\/iframe><\/div><div class=\"pane\"><p class=\"gde-text\"><a href=\"https:\/\/rosyjski-tlumacz.pl\/wp-content\/uploads\/2015\/05\/Referencje-Tlumacz-Jezyka-Rosyjskiego-Mango-RU.pdf\" class=\"gde-link\"><i class=\"fa fa-download\"><\/i> (PDF, 546KB)<\/a><\/p>\n<iframe src=\"\/\/docs.google.com\/viewer?url=https%3A%2F%2Frosyjski-tlumacz.pl%2Fwp-content%2Fuploads%2F2015%2F05%2FReferencje-Tlumacz-Jezyka-Rosyjskiego-Mango-RU.pdf&hl=pl&embedded=true\" class=\"gde-frame\" style=\"width:100%; height:500px; border: none;\" scrolling=\"no\"><\/iframe><\/div><div class=\"pane\"><p class=\"gde-text\"><a href=\"https:\/\/rosyjski-tlumacz.pl\/wp-content\/uploads\/2015\/11\/Referencje-Tlumacz-Jezyka-Rosyjskiego-Marcin-Baczyk_EN.pdf\" class=\"gde-link\"><i class=\"fa fa-download\"><\/i> (PDF, 434KB)<\/a><\/p>\n<iframe src=\"\/\/docs.google.com\/viewer?url=https%3A%2F%2Frosyjski-tlumacz.pl%2Fwp-content%2Fuploads%2F2015%2F11%2FReferencje-Tlumacz-Jezyka-Rosyjskiego-Marcin-Baczyk_EN.pdf&hl=pl&embedded=true\" class=\"gde-frame\" style=\"width:100%; height:500px; border: none;\" scrolling=\"no\"><\/iframe><\/div><div class=\"pane\"><p class=\"gde-text\"><a href=\"https:\/\/rosyjski-tlumacz.pl\/wp-content\/uploads\/2015\/05\/Referencje-Tlumacz-Jezyka-Rosyjskiego-Mango-PL.pdf\" class=\"gde-link\"><i class=\"fa fa-download\"><\/i> (PDF, 539KB)<\/a><\/p>\n<iframe src=\"\/\/docs.google.com\/viewer?url=https%3A%2F%2Frosyjski-tlumacz.pl%2Fwp-content%2Fuploads%2F2015%2F05%2FReferencje-Tlumacz-Jezyka-Rosyjskiego-Mango-PL.pdf&hl=pl&embedded=true\" class=\"gde-frame\" style=\"width:100%; height:500px; border: none;\" scrolling=\"no\"><\/iframe>-Rosyjskiego-Akademos.pdf\" save=\"1\"]<\/div><div class=\"pane\"><p class=\"gde-text\"><a href=\"https:\/\/rosyjski-tlumacz.pl\/wp-content\/uploads\/2015\/05\/Referencje-Tlumacz-Jezyka-Rosyjskiego-Key-Training.pdf\" class=\"gde-link\"><i class=\"fa fa-download\"><\/i> (PDF, 467KB)<\/a><\/p>\n<iframe src=\"\/\/docs.google.com\/viewer?url=https%3A%2F%2Frosyjski-tlumacz.pl%2Fwp-content%2Fuploads%2F2015%2F05%2FReferencje-Tlumacz-Jezyka-Rosyjskiego-Key-Training.pdf&hl=pl&embedded=true\" class=\"gde-frame\" style=\"width:100%; height:500px; border: none;\" scrolling=\"no\"><\/iframe><\/div><\/div><\/div>\n","protected":false},"excerpt":{"rendered":"","protected":false},"author":1759,"featured_media":0,"parent":0,"menu_order":0,"comment_status":"open","ping_status":"closed","template":"","meta":{"om_disable_all_campaigns":false,"_uf_show_specific_survey":0,"_uf_disable_surveys":false,"footnotes":""},"class_list":["post-719","page","type-page","status-publish","hentry"],"yoast_head":"<!-- This site is optimized with the Yoast SEO Premium plugin v21.1 (Yoast SEO v27.4) - https:\/\/yoast.com\/product\/yoast-seo-premium-wordpress\/ -->\n<title>\u0420\u0435\u043a\u043e\u043c\u0435\u043d\u0434\u0430\u0446\u0438\u0438 &#8226; T\u0142umacz j\u0119zyka rosyjskiego<\/title>\n<meta name=\"robots\" content=\"index, follow, max-snippet:-1, max-image-preview:large, max-video-preview:-1\" \/>\n<link rel=\"canonical\" href=\"https:\/\/rosyjski-tlumacz.pl\/ru\/%d1%80%d0%b5%d0%ba%d0%be%d0%bc%d0%b5%d0%bd%d0%b4%d0%b0%d1%86%d0%b8%d0%b8\/\" \/>\n<meta property=\"og:locale\" content=\"ru_RU\" \/>\n<meta property=\"og:type\" content=\"article\" \/>\n<meta property=\"og:title\" content=\"\u0420\u0435\u043a\u043e\u043c\u0435\u043d\u0434\u0430\u0446\u0438\u0438\" \/>\n<meta property=\"og:url\" content=\"http:\/\/rosyjski-tlumacz.pl\/ru\/%d1%80%d0%b5%d0%ba%d0%be%d0%bc%d0%b5%d0%bd%d0%b4%d0%b0%d1%86%d0%b8%d0%b8\/\" \/>\n<meta property=\"og:site_name\" content=\"T\u0142umacz j\u0119zyka rosyjskiego\" \/>\n<meta property=\"article:publisher\" content=\"https:\/\/www.facebook.com\/tlumacz.rosyjskiego\" \/>\n<meta property=\"article:modified_time\" content=\"2016-02-22T09:08:03+00:00\" \/>\n<script type=\"application\/ld+json\" class=\"yoast-schema-graph\">{\"@context\":\"https:\\\/\\\/schema.org\",\"@graph\":[{\"@type\":\"WebPage\",\"@id\":\"https:\\\/\\\/rosyjski-tlumacz.pl\\\/ru\\\/%d1%80%d0%b5%d0%ba%d0%be%d0%bc%d0%b5%d0%bd%d0%b4%d0%b0%d1%86%d0%b8%d0%b8\\\/\",\"url\":\"https:\\\/\\\/rosyjski-tlumacz.pl\\\/ru\\\/%d1%80%d0%b5%d0%ba%d0%be%d0%bc%d0%b5%d0%bd%d0%b4%d0%b0%d1%86%d0%b8%d0%b8\\\/\",\"name\":\"\u0420\u0435\u043a\u043e\u043c\u0435\u043d\u0434\u0430\u0446\u0438\u0438 &#8226; T\u0142umacz j\u0119zyka rosyjskiego\",\"isPartOf\":{\"@id\":\"https:\\\/\\\/rosyjski-tlumacz.pl\\\/ru\\\/#website\"},\"datePublished\":\"2015-05-31T12:17:17+00:00\",\"dateModified\":\"2016-02-22T09:08:03+00:00\",\"breadcrumb\":{\"@id\":\"https:\\\/\\\/rosyjski-tlumacz.pl\\\/ru\\\/%d1%80%d0%b5%d0%ba%d0%be%d0%bc%d0%b5%d0%bd%d0%b4%d0%b0%d1%86%d0%b8%d0%b8\\\/#breadcrumb\"},\"inLanguage\":\"ru-RU\",\"potentialAction\":[{\"@type\":\"ReadAction\",\"target\":[\"https:\\\/\\\/rosyjski-tlumacz.pl\\\/ru\\\/%d1%80%d0%b5%d0%ba%d0%be%d0%bc%d0%b5%d0%bd%d0%b4%d0%b0%d1%86%d0%b8%d0%b8\\\/\"]}]},{\"@type\":\"BreadcrumbList\",\"@id\":\"https:\\\/\\\/rosyjski-tlumacz.pl\\\/ru\\\/%d1%80%d0%b5%d0%ba%d0%be%d0%bc%d0%b5%d0%bd%d0%b4%d0%b0%d1%86%d0%b8%d0%b8\\\/#breadcrumb\",\"itemListElement\":[{\"@type\":\"ListItem\",\"position\":1,\"name\":\"Home\",\"item\":\"https:\\\/\\\/rosyjski-tlumacz.pl\\\/ru\\\/%d0%b4%d0%be%d0%bc%d0%b0\\\/\"},{\"@type\":\"ListItem\",\"position\":2,\"name\":\"\u0420\u0435\u043a\u043e\u043c\u0435\u043d\u0434\u0430\u0446\u0438\u0438\"}]},{\"@type\":\"WebSite\",\"@id\":\"https:\\\/\\\/rosyjski-tlumacz.pl\\\/ru\\\/#website\",\"url\":\"https:\\\/\\\/rosyjski-tlumacz.pl\\\/ru\\\/\",\"name\":\"T\u0142umacz j\u0119zyka rosyjskiego\",\"description\":\"T\u0142umaczenia polsko-rosyjskie i rosyjsko-polskie\",\"publisher\":{\"@id\":\"https:\\\/\\\/rosyjski-tlumacz.pl\\\/ru\\\/#organization\"},\"potentialAction\":[{\"@type\":\"SearchAction\",\"target\":{\"@type\":\"EntryPoint\",\"urlTemplate\":\"https:\\\/\\\/rosyjski-tlumacz.pl\\\/ru\\\/?s={search_term_string}\"},\"query-input\":{\"@type\":\"PropertyValueSpecification\",\"valueRequired\":true,\"valueName\":\"search_term_string\"}}],\"inLanguage\":\"ru-RU\"},{\"@type\":\"Organization\",\"@id\":\"https:\\\/\\\/rosyjski-tlumacz.pl\\\/ru\\\/#organization\",\"name\":\"T\u0142umacz j\u0119zyka rosyjskiego Stanis\u0142aw Zielonka\",\"url\":\"https:\\\/\\\/rosyjski-tlumacz.pl\\\/ru\\\/\",\"logo\":{\"@type\":\"ImageObject\",\"inLanguage\":\"ru-RU\",\"@id\":\"https:\\\/\\\/rosyjski-tlumacz.pl\\\/ru\\\/#\\\/schema\\\/logo\\\/image\\\/\",\"url\":\"https:\\\/\\\/rosyjski-tlumacz.pl\\\/wp-content\\\/uploads\\\/2017\\\/04\\\/logo.svg\",\"contentUrl\":\"https:\\\/\\\/rosyjski-tlumacz.pl\\\/wp-content\\\/uploads\\\/2017\\\/04\\\/logo.svg\",\"width\":1,\"height\":1,\"caption\":\"T\u0142umacz j\u0119zyka rosyjskiego Stanis\u0142aw Zielonka\"},\"image\":{\"@id\":\"https:\\\/\\\/rosyjski-tlumacz.pl\\\/ru\\\/#\\\/schema\\\/logo\\\/image\\\/\"},\"sameAs\":[\"https:\\\/\\\/www.facebook.com\\\/tlumacz.rosyjskiego\",\"https:\\\/\\\/x.com\\\/JezykRosyjski\"]}]}<\/script>\n<!-- \/ Yoast SEO Premium plugin. -->","yoast_head_json":{"title":"\u0420\u0435\u043a\u043e\u043c\u0435\u043d\u0434\u0430\u0446\u0438\u0438 &#8226; T\u0142umacz j\u0119zyka rosyjskiego","robots":{"index":"index","follow":"follow","max-snippet":"max-snippet:-1","max-image-preview":"max-image-preview:large","max-video-preview":"max-video-preview:-1"},"canonical":"https:\/\/rosyjski-tlumacz.pl\/ru\/%d1%80%d0%b5%d0%ba%d0%be%d0%bc%d0%b5%d0%bd%d0%b4%d0%b0%d1%86%d0%b8%d0%b8\/","og_locale":"ru_RU","og_type":"article","og_title":"\u0420\u0435\u043a\u043e\u043c\u0435\u043d\u0434\u0430\u0446\u0438\u0438","og_url":"http:\/\/rosyjski-tlumacz.pl\/ru\/%d1%80%d0%b5%d0%ba%d0%be%d0%bc%d0%b5%d0%bd%d0%b4%d0%b0%d1%86%d0%b8%d0%b8\/","og_site_name":"T\u0142umacz j\u0119zyka rosyjskiego","article_publisher":"https:\/\/www.facebook.com\/tlumacz.rosyjskiego","article_modified_time":"2016-02-22T09:08:03+00:00","schema":{"@context":"https:\/\/schema.org","@graph":[{"@type":"WebPage","@id":"https:\/\/rosyjski-tlumacz.pl\/ru\/%d1%80%d0%b5%d0%ba%d0%be%d0%bc%d0%b5%d0%bd%d0%b4%d0%b0%d1%86%d0%b8%d0%b8\/","url":"https:\/\/rosyjski-tlumacz.pl\/ru\/%d1%80%d0%b5%d0%ba%d0%be%d0%bc%d0%b5%d0%bd%d0%b4%d0%b0%d1%86%d0%b8%d0%b8\/","name":"\u0420\u0435\u043a\u043e\u043c\u0435\u043d\u0434\u0430\u0446\u0438\u0438 &#8226; T\u0142umacz j\u0119zyka rosyjskiego","isPartOf":{"@id":"https:\/\/rosyjski-tlumacz.pl\/ru\/#website"},"datePublished":"2015-05-31T12:17:17+00:00","dateModified":"2016-02-22T09:08:03+00:00","breadcrumb":{"@id":"https:\/\/rosyjski-tlumacz.pl\/ru\/%d1%80%d0%b5%d0%ba%d0%be%d0%bc%d0%b5%d0%bd%d0%b4%d0%b0%d1%86%d0%b8%d0%b8\/#breadcrumb"},"inLanguage":"ru-RU","potentialAction":[{"@type":"ReadAction","target":["https:\/\/rosyjski-tlumacz.pl\/ru\/%d1%80%d0%b5%d0%ba%d0%be%d0%bc%d0%b5%d0%bd%d0%b4%d0%b0%d1%86%d0%b8%d0%b8\/"]}]},{"@type":"BreadcrumbList","@id":"https:\/\/rosyjski-tlumacz.pl\/ru\/%d1%80%d0%b5%d0%ba%d0%be%d0%bc%d0%b5%d0%bd%d0%b4%d0%b0%d1%86%d0%b8%d0%b8\/#breadcrumb","itemListElement":[{"@type":"ListItem","position":1,"name":"Home","item":"https:\/\/rosyjski-tlumacz.pl\/ru\/%d0%b4%d0%be%d0%bc%d0%b0\/"},{"@type":"ListItem","position":2,"name":"\u0420\u0435\u043a\u043e\u043c\u0435\u043d\u0434\u0430\u0446\u0438\u0438"}]},{"@type":"WebSite","@id":"https:\/\/rosyjski-tlumacz.pl\/ru\/#website","url":"https:\/\/rosyjski-tlumacz.pl\/ru\/","name":"T\u0142umacz j\u0119zyka rosyjskiego","description":"T\u0142umaczenia polsko-rosyjskie i rosyjsko-polskie","publisher":{"@id":"https:\/\/rosyjski-tlumacz.pl\/ru\/#organization"},"potentialAction":[{"@type":"SearchAction","target":{"@type":"EntryPoint","urlTemplate":"https:\/\/rosyjski-tlumacz.pl\/ru\/?s={search_term_string}"},"query-input":{"@type":"PropertyValueSpecification","valueRequired":true,"valueName":"search_term_string"}}],"inLanguage":"ru-RU"},{"@type":"Organization","@id":"https:\/\/rosyjski-tlumacz.pl\/ru\/#organization","name":"T\u0142umacz j\u0119zyka rosyjskiego Stanis\u0142aw Zielonka","url":"https:\/\/rosyjski-tlumacz.pl\/ru\/","logo":{"@type":"ImageObject","inLanguage":"ru-RU","@id":"https:\/\/rosyjski-tlumacz.pl\/ru\/#\/schema\/logo\/image\/","url":"https:\/\/rosyjski-tlumacz.pl\/wp-content\/uploads\/2017\/04\/logo.svg","contentUrl":"https:\/\/rosyjski-tlumacz.pl\/wp-content\/uploads\/2017\/04\/logo.svg","width":1,"height":1,"caption":"T\u0142umacz j\u0119zyka rosyjskiego Stanis\u0142aw Zielonka"},"image":{"@id":"https:\/\/rosyjski-tlumacz.pl\/ru\/#\/schema\/logo\/image\/"},"sameAs":["https:\/\/www.facebook.com\/tlumacz.rosyjskiego","https:\/\/x.com\/JezykRosyjski"]}]}},"_links":{"self":[{"href":"https:\/\/rosyjski-tlumacz.pl\/ru\/wp-json\/wp\/v2\/pages\/719","targetHints":{"allow":["GET"]}}],"collection":[{"href":"https:\/\/rosyjski-tlumacz.pl\/ru\/wp-json\/wp\/v2\/pages"}],"about":[{"href":"https:\/\/rosyjski-tlumacz.pl\/ru\/wp-json\/wp\/v2\/types\/page"}],"author":[{"embeddable":true,"href":"https:\/\/rosyjski-tlumacz.pl\/ru\/wp-json\/wp\/v2\/users\/1759"}],"replies":[{"embeddable":true,"href":"https:\/\/rosyjski-tlumacz.pl\/ru\/wp-json\/wp\/v2\/comments?post=719"}],"version-history":[{"count":0,"href":"https:\/\/rosyjski-tlumacz.pl\/ru\/wp-json\/wp\/v2\/pages\/719\/revisions"}],"wp:attachment":[{"href":"https:\/\/rosyjski-tlumacz.pl\/ru\/wp-json\/wp\/v2\/media?parent=719"}],"curies":[{"name":"wp","href":"https:\/\/api.w.org\/{rel}","templated":true}]}}