{"id":41,"date":"2013-08-04T12:29:25","date_gmt":"2013-08-04T10:29:25","guid":{"rendered":"https:\/\/rosyjski-tlumacz.pl\/?page_id=41"},"modified":"2013-08-15T04:47:32","modified_gmt":"2013-08-15T02:47:32","slug":"%d1%81%d0%b2%d1%8f%d0%b7%d0%b0%d1%82%d1%8c%d1%81%d1%8f","status":"publish","type":"page","link":"https:\/\/rosyjski-tlumacz.pl\/ru\/%d1%81%d0%b2%d1%8f%d0%b7%d0%b0%d1%82%d1%8c%d1%81%d1%8f\/","title":{"rendered":"\u0421\u0432\u044f\u0437\u0430\u0442\u044c\u0441\u044f"},"content":{"rendered":"<script type=\"text\/javascript\">\n\/* <![CDATA[ *\/\nvar gform;gform||(document.addEventListener(\"gform_main_scripts_loaded\",function(){gform.scriptsLoaded=!0}),document.addEventListener(\"gform\/theme\/scripts_loaded\",function(){gform.themeScriptsLoaded=!0}),window.addEventListener(\"DOMContentLoaded\",function(){gform.domLoaded=!0}),gform={domLoaded:!1,scriptsLoaded:!1,themeScriptsLoaded:!1,isFormEditor:()=>\"function\"==typeof InitializeEditor,callIfLoaded:function(o){return!(!gform.domLoaded||!gform.scriptsLoaded||!gform.themeScriptsLoaded&&!gform.isFormEditor()||(gform.isFormEditor()&&console.warn(\"The use of gform.initializeOnLoaded() is deprecated in the form editor context and will be removed in Gravity Forms 3.1.\"),o(),0))},initializeOnLoaded:function(o){gform.callIfLoaded(o)||(document.addEventListener(\"gform_main_scripts_loaded\",()=>{gform.scriptsLoaded=!0,gform.callIfLoaded(o)}),document.addEventListener(\"gform\/theme\/scripts_loaded\",()=>{gform.themeScriptsLoaded=!0,gform.callIfLoaded(o)}),window.addEventListener(\"DOMContentLoaded\",()=>{gform.domLoaded=!0,gform.callIfLoaded(o)}))},hooks:{action:{},filter:{}},addAction:function(o,r,e,t){gform.addHook(\"action\",o,r,e,t)},addFilter:function(o,r,e,t){gform.addHook(\"filter\",o,r,e,t)},doAction:function(o){gform.doHook(\"action\",o,arguments)},applyFilters:function(o){return gform.doHook(\"filter\",o,arguments)},removeAction:function(o,r){gform.removeHook(\"action\",o,r)},removeFilter:function(o,r,e){gform.removeHook(\"filter\",o,r,e)},addHook:function(o,r,e,t,n){null==gform.hooks[o][r]&&(gform.hooks[o][r]=[]);var d=gform.hooks[o][r];null==n&&(n=r+\"_\"+d.length),gform.hooks[o][r].push({tag:n,callable:e,priority:t=null==t?10:t})},doHook:function(r,o,e){var t;if(e=Array.prototype.slice.call(e,1),null!=gform.hooks[r][o]&&((o=gform.hooks[r][o]).sort(function(o,r){return o.priority-r.priority}),o.forEach(function(o){\"function\"!=typeof(t=o.callable)&&(t=window[t]),\"action\"==r?t.apply(null,e):e[0]=t.apply(null,e)})),\"filter\"==r)return e[0]},removeHook:function(o,r,t,n){var e;null!=gform.hooks[o][r]&&(e=(e=gform.hooks[o][r]).filter(function(o,r,e){return!!(null!=n&&n!=o.tag||null!=t&&t!=o.priority)}),gform.hooks[o][r]=e)}});\n\/* ]]> *\/\n<\/script>\n\n                <div class='gf_browser_gecko gform_wrapper gform_legacy_markup_wrapper gform-theme--no-framework' data-form-theme='legacy' data-form-index='0' id='gform_wrapper_3' ><div id='gf_3' class='gform_anchor' tabindex='-1'><\/div><form method='post' enctype='multipart\/form-data' target='gform_ajax_frame_3' id='gform_3'  action='\/ru\/wp-json\/wp\/v2\/pages\/41#gf_3' data-formid='3' novalidate>\n                        <div class='gform-body gform_body'><ul id='gform_fields_3' class='gform_fields top_label form_sublabel_below description_below validation_below'><li id=\"field_3_1\" class=\"gfield gfield--type-text gfield_contains_required field_sublabel_below gfield--no-description field_description_below field_validation_below gfield_visibility_visible\"  ><label class='gfield_label gform-field-label' for='input_3_1'>Imi\u0119 i nazwisko<span class=\"gfield_required\"><span class=\"gfield_required gfield_required_asterisk\">*<\/span><\/span><\/label><div class='ginput_container ginput_container_text'><input name='input_1' id='input_3_1' type='text' value='' class='large'     aria-required=\"true\" aria-invalid=\"false\"   \/><\/div><\/li><li id=\"field_3_2\" class=\"gfield gfield--type-email gfield_contains_required field_sublabel_below gfield--no-description field_description_below field_validation_below gfield_visibility_visible\"  ><label class='gfield_label gform-field-label' for='input_3_2'>Email<span class=\"gfield_required\"><span class=\"gfield_required gfield_required_asterisk\">*<\/span><\/span><\/label><div class='ginput_container ginput_container_email'>\n                            <input name='input_2' id='input_3_2' type='email' value='' class='large'    aria-required=\"true\" aria-invalid=\"false\"  \/>\n                        <\/div><\/li><li id=\"field_3_4\" class=\"gfield gfield--type-phone field_sublabel_below gfield--no-description field_description_below field_validation_below gfield_visibility_visible\"  ><label class='gfield_label gform-field-label' for='input_3_4'>Telefon<\/label><div class='ginput_container ginput_container_phone'><input name='input_4' id='input_3_4' type='tel' value='' class='large'    aria-invalid=\"false\"   \/><\/div><\/li><li id=\"field_3_3\" class=\"gfield gfield--type-textarea gfield_contains_required field_sublabel_below gfield--no-description field_description_below field_validation_below gfield_visibility_visible\"  ><label class='gfield_label gform-field-label' for='input_3_3'>Wiadomo\u015b\u0107<span class=\"gfield_required\"><span class=\"gfield_required gfield_required_asterisk\">*<\/span><\/span><\/label><div class='ginput_container ginput_container_textarea'><textarea name='input_3' id='input_3_3' class='textarea medium'     aria-required=\"true\" aria-invalid=\"false\"   rows='10' cols='50'><\/textarea><\/div><\/li><li id=\"field_3_7\" class=\"gfield gfield--type-fileupload field_sublabel_below gfield--no-description field_description_below field_validation_below gfield_visibility_visible\"  ><label class='gfield_label gform-field-label' for='gform_browse_button_3_7'>Za\u0142\u0105cznik<\/label><div class='ginput_container ginput_container_fileupload'><div id='gform_multifile_upload_3_7' data-settings='{&quot;runtimes&quot;:&quot;html5,flash,html4&quot;,&quot;browse_button&quot;:&quot;gform_browse_button_3_7&quot;,&quot;container&quot;:&quot;gform_multifile_upload_3_7&quot;,&quot;drop_element&quot;:&quot;gform_drag_drop_area_3_7&quot;,&quot;filelist&quot;:&quot;gform_preview_3_7&quot;,&quot;unique_names&quot;:true,&quot;file_data_name&quot;:&quot;file&quot;,&quot;url&quot;:&quot;https:\\\/\\\/rosyjski-tlumacz.pl\\\/?gf_page=257135e3631598c&quot;,&quot;flash_swf_url&quot;:&quot;https:\\\/\\\/rosyjski-tlumacz.pl\\\/wp-includes\\\/js\\\/plupload\\\/plupload.flash.swf&quot;,&quot;silverlight_xap_url&quot;:&quot;https:\\\/\\\/rosyjski-tlumacz.pl\\\/wp-includes\\\/js\\\/plupload\\\/plupload.silverlight.xap&quot;,&quot;filters&quot;:{&quot;mime_types&quot;:[{&quot;title&quot;:&quot;\\u0414\\u043e\\u043f\\u0443\\u0441\\u0442\\u0438\\u043c\\u044b\\u0439 \\u0444\\u0430\\u0439\\u043b\\u044b&quot;,&quot;extensions&quot;:&quot;zip,rar,bmp,pdf,png,gif,jpg,doc,docx,xls,xlsx,7z&quot;}],&quot;max_file_size&quot;:&quot;33554432b&quot;},&quot;multipart&quot;:true,&quot;urlstream_upload&quot;:false,&quot;multipart_params&quot;:{&quot;form_id&quot;:3,&quot;field_id&quot;:7,&quot;_gform_file_upload_nonce_3_7&quot;:&quot;04168b69f8&quot;},&quot;gf_vars&quot;:{&quot;max_files&quot;:&quot;3&quot;,&quot;message_id&quot;:&quot;gform_multifile_messages_3_7&quot;,&quot;disallowed_extensions&quot;:[&quot;php&quot;,&quot;asp&quot;,&quot;aspx&quot;,&quot;cmd&quot;,&quot;csh&quot;,&quot;bat&quot;,&quot;html&quot;,&quot;htm&quot;,&quot;hta&quot;,&quot;jar&quot;,&quot;exe&quot;,&quot;com&quot;,&quot;js&quot;,&quot;lnk&quot;,&quot;htaccess&quot;,&quot;phar&quot;,&quot;phtml&quot;,&quot;ps1&quot;,&quot;ps2&quot;,&quot;php3&quot;,&quot;php4&quot;,&quot;php5&quot;,&quot;php6&quot;,&quot;py&quot;,&quot;rb&quot;,&quot;tmp&quot;]}}' class='gform_fileupload_multifile'>\n\t\t\t\t\t\t\t\t\t\t<div id='gform_drag_drop_area_3_7' class='gform_drop_area gform-theme-field-control'>\n\t\t\t\t\t\t\t\t\t\t\t<span class='gform_drop_instructions'>\u041f\u0435\u0440\u0435\u0442\u0430\u0449\u0438\u0442\u0435 \u0441\u044e\u0434\u0430 \u0444\u0430\u0439\u043b\u044b \u0438\u043b\u0438 <\/span>\n\t\t\t\t\t\t\t\t\t\t\t<button type='button' id='gform_browse_button_3_7' class='button gform_button_select_files gform-theme-button gform-theme-button--control' aria-describedby=\"gfield_upload_rules_3_7\"  >\u0412\u044b\u0431\u0435\u0440\u0438\u0442\u0435 \u0444\u0430\u0439\u043b\u044b<\/button>\n\t\t\t\t\t\t\t\t\t\t<\/div>\n\t\t\t\t\t\t\t\t\t<\/div><span class='gfield_description gform_fileupload_rules' id='gfield_upload_rules_3_7'>\u0414\u043e\u043f\u0443\u0441\u0442\u0438\u043c\u044b\u0435 \u0442\u0438\u043f\u044b \u0444\u0430\u0439\u043b\u043e\u0432: zip, rar, bmp, pdf, png, gif, jpg, doc, docx, xls, xlsx, 7z, \u041c\u0430\u043a\u0441. \u0440\u0430\u0437\u043c\u0435\u0440 \u0444\u0430\u0439\u043b\u0430: 32 MB, \u041c\u0430\u043a\u0441. \u0444\u0430\u0439\u043b\u043e\u0432: 3.<\/span><ul class='validation_message--hidden-on-empty gform-ul-reset' id='gform_multifile_messages_3_7'><\/ul> <div id='gform_preview_3_7' class='ginput_preview_list'><\/div><\/div><\/li><li id=\"field_3_9\" class=\"gfield gfield--type-captcha field_sublabel_below gfield--no-description field_description_below field_validation_below gfield_visibility_visible\"  ><label class='gfield_label gform-field-label screen-reader-text' for='input_3_9'><\/label><div id='input_3_9' class='ginput_container ginput_recaptcha' data-sitekey='6LfXPH0UAAAAAFsh6oOOp-MMAnLYONa4AKuAqHMe'  data-theme='light' data-tabindex='-1' data-size='invisible' data-badge='bottomright'><\/div><\/li><\/ul><\/div>\n        <div class='gform-footer gform_footer top_label'> <button class='btn huge blue' id='gform_submit_button_3'><i class=\"fa fa-paper-plane\"><\/i> <span>Wy\u015blij<\/span><\/button> <input type='hidden' name='gform_ajax' value='form_id=3&amp;title=&amp;description=&amp;tabindex=0&amp;theme=legacy&amp;styles=[]&amp;hash=6a7a898fe7ce0fa7a8bd12aa3ede9673' \/>\n            <input type='hidden' class='gform_hidden' name='gform_submission_method' data-js='gform_submission_method_3' value='iframe' \/>\n            <input type='hidden' class='gform_hidden' name='gform_theme' data-js='gform_theme_3' id='gform_theme_3' value='legacy' \/>\n            <input type='hidden' class='gform_hidden' name='gform_style_settings' data-js='gform_style_settings_3' id='gform_style_settings_3' value='[]' \/>\n            <input type='hidden' class='gform_hidden' name='is_submit_3' value='1' \/>\n            <input type='hidden' class='gform_hidden' name='gform_submit' value='3' \/>\n            \n            <input type='hidden' class='gform_hidden' name='gform_unique_id' value='' \/>\n            <input type='hidden' class='gform_hidden' name='state_3' value='WyJbXSIsImZlMWYzNWQ2YTRjODFkMzIyM2VlZjFkMDMxZTQ3ODllIl0=' \/>\n            <input type='hidden' autocomplete='off' class='gform_hidden' name='gform_target_page_number_3' id='gform_target_page_number_3' value='0' \/>\n            <input type='hidden' autocomplete='off' class='gform_hidden' name='gform_source_page_number_3' id='gform_source_page_number_3' value='1' \/>\n            <input type='hidden' name='gform_field_values' value='' \/>\n            <input type='hidden' name='gform_uploaded_files' id='gform_uploaded_files_3' value='' \/>\n        <\/div>\n                        <\/form>\n                        <\/div>\n\t\t                <iframe style='display:none;width:0px;height:0px;' src='about:blank' name='gform_ajax_frame_3' id='gform_ajax_frame_3' title='\u042d\u0442\u043e\u0442 iframe \u0441\u043e\u0434\u0435\u0440\u0436\u0438\u0442 \u043d\u0435\u043e\u0431\u0445\u043e\u0434\u0438\u043c\u0443\u044e \u043b\u043e\u0433\u0438\u043a\u0443 \u0434\u043b\u044f \u043e\u0431\u0440\u0430\u0431\u043e\u0442\u043a\u0438 Ajax \u0432 Gravity Forms.'><\/iframe>\n\t\t                <script type=\"text\/javascript\">\n\/* <![CDATA[ *\/\n gform.initializeOnLoaded( function() {gformInitSpinner( 3, 'https:\/\/rosyjski-tlumacz.pl\/wp-content\/plugins\/gravityforms\/images\/spinner.svg', true );jQuery('#gform_ajax_frame_3').on('load',function(){var contents = jQuery(this).contents().find('*').html();var is_postback = contents.indexOf('GF_AJAX_POSTBACK') >= 0;if(!is_postback){return;}var form_content = jQuery(this).contents().find('#gform_wrapper_3');var is_confirmation = jQuery(this).contents().find('#gform_confirmation_wrapper_3').length > 0;var is_redirect = contents.indexOf('gformRedirect(){') >= 0;var is_form = form_content.length > 0 && ! is_redirect && ! is_confirmation;var mt = parseInt(jQuery('html').css('margin-top'), 10) + parseInt(jQuery('body').css('margin-top'), 10) + 100;if(is_form){jQuery('#gform_wrapper_3').html(form_content.html());if(form_content.hasClass('gform_validation_error')){jQuery('#gform_wrapper_3').addClass('gform_validation_error');} else {jQuery('#gform_wrapper_3').removeClass('gform_validation_error');}setTimeout( function() { \/* delay the scroll by 50 milliseconds to fix a bug in chrome *\/ jQuery(document).scrollTop(jQuery('#gform_wrapper_3').offset().top - mt); }, 50 );if(window['gformInitDatepicker']) {gformInitDatepicker();}if(window['gformInitPriceFields']) {gformInitPriceFields();}var current_page = jQuery('#gform_source_page_number_3').val();gformInitSpinner( 3, 'https:\/\/rosyjski-tlumacz.pl\/wp-content\/plugins\/gravityforms\/images\/spinner.svg', true );jQuery(document).trigger('gform_page_loaded', [3, current_page]);window['gf_submitting_3'] = false;}else if(!is_redirect){var confirmation_content = jQuery(this).contents().find('.GF_AJAX_POSTBACK').html();if(!confirmation_content){confirmation_content = contents;}jQuery('#gform_wrapper_3').replaceWith(confirmation_content);jQuery(document).scrollTop(jQuery('#gf_3').offset().top - mt);jQuery(document).trigger('gform_confirmation_loaded', [3]);window['gf_submitting_3'] = false;wp.a11y.speak(jQuery('#gform_confirmation_message_3').text());}else{jQuery('#gform_3').append(contents);if(window['gformRedirect']) {gformRedirect();}}jQuery(document).trigger(\"gform_pre_post_render\", [{ formId: \"3\", currentPage: \"current_page\", abort: function() { this.preventDefault(); } }]);        if (event && event.defaultPrevented) {                return;        }        const gformWrapperDiv = document.getElementById( \"gform_wrapper_3\" );        if ( gformWrapperDiv ) {            const visibilitySpan = document.createElement( \"span\" );            visibilitySpan.id = \"gform_visibility_test_3\";            gformWrapperDiv.insertAdjacentElement( \"afterend\", visibilitySpan );        }        const visibilityTestDiv = document.getElementById( \"gform_visibility_test_3\" );        let postRenderFired = false;        function triggerPostRender() {            if ( postRenderFired ) {                return;            }            postRenderFired = true;            gform.core.triggerPostRenderEvents( 3, current_page );            if ( visibilityTestDiv ) {                visibilityTestDiv.parentNode.removeChild( visibilityTestDiv );            }        }        function debounce( func, wait, immediate ) {            var timeout;            return function() {                var context = this, args = arguments;                var later = function() {                    timeout = null;                    if ( !immediate ) func.apply( context, args );                };                var callNow = immediate && !timeout;                clearTimeout( timeout );                timeout = setTimeout( later, wait );                if ( callNow ) func.apply( context, args );            };        }        const debouncedTriggerPostRender = debounce( function() {            triggerPostRender();        }, 200 );        if ( visibilityTestDiv && visibilityTestDiv.offsetParent === null ) {            const observer = new MutationObserver( ( mutations ) => {                mutations.forEach( ( mutation ) => {                    if ( mutation.type === 'attributes' && visibilityTestDiv.offsetParent !== null ) {                        debouncedTriggerPostRender();                        observer.disconnect();                    }                });            });            observer.observe( document.body, {                attributes: true,                childList: false,                subtree: true,                attributeFilter: [ 'style', 'class' ],            });        } else {            triggerPostRender();        }    } );} ); \n\/* ]]> *\/\n<\/script>\n\n","protected":false},"excerpt":{"rendered":"","protected":false},"author":1759,"featured_media":0,"parent":0,"menu_order":0,"comment_status":"open","ping_status":"closed","template":"","meta":{"om_disable_all_campaigns":false,"_uf_show_specific_survey":0,"_uf_disable_surveys":false,"footnotes":""},"class_list":["post-41","page","type-page","status-publish","hentry"],"yoast_head":"<!-- This site is optimized with the Yoast SEO Premium plugin v21.1 (Yoast SEO v27.4) - https:\/\/yoast.com\/product\/yoast-seo-premium-wordpress\/ -->\n<title>\u0421\u0432\u044f\u0437\u0430\u0442\u044c\u0441\u044f &#8226; T\u0142umacz j\u0119zyka rosyjskiego<\/title>\n<meta name=\"robots\" content=\"index, follow, max-snippet:-1, max-image-preview:large, max-video-preview:-1\" \/>\n<link rel=\"canonical\" href=\"https:\/\/rosyjski-tlumacz.pl\/ru\/%d1%81%d0%b2%d1%8f%d0%b7%d0%b0%d1%82%d1%8c%d1%81%d1%8f\/\" \/>\n<meta property=\"og:locale\" content=\"ru_RU\" \/>\n<meta property=\"og:type\" content=\"article\" \/>\n<meta property=\"og:title\" content=\"\u0421\u0432\u044f\u0437\u0430\u0442\u044c\u0441\u044f\" \/>\n<meta property=\"og:url\" content=\"http:\/\/rosyjski-tlumacz.pl\/ru\/%d1%81%d0%b2%d1%8f%d0%b7%d0%b0%d1%82%d1%8c%d1%81%d1%8f\/\" \/>\n<meta property=\"og:site_name\" content=\"T\u0142umacz j\u0119zyka rosyjskiego\" \/>\n<meta property=\"article:publisher\" content=\"https:\/\/www.facebook.com\/tlumacz.rosyjskiego\" \/>\n<meta property=\"article:modified_time\" content=\"2013-08-15T02:47:32+00:00\" \/>\n<script type=\"application\/ld+json\" class=\"yoast-schema-graph\">{\"@context\":\"https:\\\/\\\/schema.org\",\"@graph\":[{\"@type\":\"WebPage\",\"@id\":\"https:\\\/\\\/rosyjski-tlumacz.pl\\\/ru\\\/%d1%81%d0%b2%d1%8f%d0%b7%d0%b0%d1%82%d1%8c%d1%81%d1%8f\\\/\",\"url\":\"https:\\\/\\\/rosyjski-tlumacz.pl\\\/ru\\\/%d1%81%d0%b2%d1%8f%d0%b7%d0%b0%d1%82%d1%8c%d1%81%d1%8f\\\/\",\"name\":\"\u0421\u0432\u044f\u0437\u0430\u0442\u044c\u0441\u044f &#8226; T\u0142umacz j\u0119zyka rosyjskiego\",\"isPartOf\":{\"@id\":\"https:\\\/\\\/rosyjski-tlumacz.pl\\\/ru\\\/#website\"},\"datePublished\":\"2013-08-04T10:29:25+00:00\",\"dateModified\":\"2013-08-15T02:47:32+00:00\",\"breadcrumb\":{\"@id\":\"https:\\\/\\\/rosyjski-tlumacz.pl\\\/ru\\\/%d1%81%d0%b2%d1%8f%d0%b7%d0%b0%d1%82%d1%8c%d1%81%d1%8f\\\/#breadcrumb\"},\"inLanguage\":\"ru-RU\",\"potentialAction\":[{\"@type\":\"ReadAction\",\"target\":[\"https:\\\/\\\/rosyjski-tlumacz.pl\\\/ru\\\/%d1%81%d0%b2%d1%8f%d0%b7%d0%b0%d1%82%d1%8c%d1%81%d1%8f\\\/\"]}]},{\"@type\":\"BreadcrumbList\",\"@id\":\"https:\\\/\\\/rosyjski-tlumacz.pl\\\/ru\\\/%d1%81%d0%b2%d1%8f%d0%b7%d0%b0%d1%82%d1%8c%d1%81%d1%8f\\\/#breadcrumb\",\"itemListElement\":[{\"@type\":\"ListItem\",\"position\":1,\"name\":\"Home\",\"item\":\"https:\\\/\\\/rosyjski-tlumacz.pl\\\/ru\\\/%d0%b4%d0%be%d0%bc%d0%b0\\\/\"},{\"@type\":\"ListItem\",\"position\":2,\"name\":\"\u0421\u0432\u044f\u0437\u0430\u0442\u044c\u0441\u044f\"}]},{\"@type\":\"WebSite\",\"@id\":\"https:\\\/\\\/rosyjski-tlumacz.pl\\\/ru\\\/#website\",\"url\":\"https:\\\/\\\/rosyjski-tlumacz.pl\\\/ru\\\/\",\"name\":\"T\u0142umacz j\u0119zyka rosyjskiego\",\"description\":\"T\u0142umaczenia polsko-rosyjskie i rosyjsko-polskie\",\"publisher\":{\"@id\":\"https:\\\/\\\/rosyjski-tlumacz.pl\\\/ru\\\/#organization\"},\"potentialAction\":[{\"@type\":\"SearchAction\",\"target\":{\"@type\":\"EntryPoint\",\"urlTemplate\":\"https:\\\/\\\/rosyjski-tlumacz.pl\\\/ru\\\/?s={search_term_string}\"},\"query-input\":{\"@type\":\"PropertyValueSpecification\",\"valueRequired\":true,\"valueName\":\"search_term_string\"}}],\"inLanguage\":\"ru-RU\"},{\"@type\":\"Organization\",\"@id\":\"https:\\\/\\\/rosyjski-tlumacz.pl\\\/ru\\\/#organization\",\"name\":\"T\u0142umacz j\u0119zyka rosyjskiego Stanis\u0142aw Zielonka\",\"url\":\"https:\\\/\\\/rosyjski-tlumacz.pl\\\/ru\\\/\",\"logo\":{\"@type\":\"ImageObject\",\"inLanguage\":\"ru-RU\",\"@id\":\"https:\\\/\\\/rosyjski-tlumacz.pl\\\/ru\\\/#\\\/schema\\\/logo\\\/image\\\/\",\"url\":\"https:\\\/\\\/rosyjski-tlumacz.pl\\\/wp-content\\\/uploads\\\/2017\\\/04\\\/logo.svg\",\"contentUrl\":\"https:\\\/\\\/rosyjski-tlumacz.pl\\\/wp-content\\\/uploads\\\/2017\\\/04\\\/logo.svg\",\"width\":1,\"height\":1,\"caption\":\"T\u0142umacz j\u0119zyka rosyjskiego Stanis\u0142aw Zielonka\"},\"image\":{\"@id\":\"https:\\\/\\\/rosyjski-tlumacz.pl\\\/ru\\\/#\\\/schema\\\/logo\\\/image\\\/\"},\"sameAs\":[\"https:\\\/\\\/www.facebook.com\\\/tlumacz.rosyjskiego\",\"https:\\\/\\\/x.com\\\/JezykRosyjski\"]}]}<\/script>\n<!-- \/ Yoast SEO Premium plugin. -->","yoast_head_json":{"title":"\u0421\u0432\u044f\u0437\u0430\u0442\u044c\u0441\u044f &#8226; T\u0142umacz j\u0119zyka rosyjskiego","robots":{"index":"index","follow":"follow","max-snippet":"max-snippet:-1","max-image-preview":"max-image-preview:large","max-video-preview":"max-video-preview:-1"},"canonical":"https:\/\/rosyjski-tlumacz.pl\/ru\/%d1%81%d0%b2%d1%8f%d0%b7%d0%b0%d1%82%d1%8c%d1%81%d1%8f\/","og_locale":"ru_RU","og_type":"article","og_title":"\u0421\u0432\u044f\u0437\u0430\u0442\u044c\u0441\u044f","og_url":"http:\/\/rosyjski-tlumacz.pl\/ru\/%d1%81%d0%b2%d1%8f%d0%b7%d0%b0%d1%82%d1%8c%d1%81%d1%8f\/","og_site_name":"T\u0142umacz j\u0119zyka rosyjskiego","article_publisher":"https:\/\/www.facebook.com\/tlumacz.rosyjskiego","article_modified_time":"2013-08-15T02:47:32+00:00","schema":{"@context":"https:\/\/schema.org","@graph":[{"@type":"WebPage","@id":"https:\/\/rosyjski-tlumacz.pl\/ru\/%d1%81%d0%b2%d1%8f%d0%b7%d0%b0%d1%82%d1%8c%d1%81%d1%8f\/","url":"https:\/\/rosyjski-tlumacz.pl\/ru\/%d1%81%d0%b2%d1%8f%d0%b7%d0%b0%d1%82%d1%8c%d1%81%d1%8f\/","name":"\u0421\u0432\u044f\u0437\u0430\u0442\u044c\u0441\u044f &#8226; T\u0142umacz j\u0119zyka rosyjskiego","isPartOf":{"@id":"https:\/\/rosyjski-tlumacz.pl\/ru\/#website"},"datePublished":"2013-08-04T10:29:25+00:00","dateModified":"2013-08-15T02:47:32+00:00","breadcrumb":{"@id":"https:\/\/rosyjski-tlumacz.pl\/ru\/%d1%81%d0%b2%d1%8f%d0%b7%d0%b0%d1%82%d1%8c%d1%81%d1%8f\/#breadcrumb"},"inLanguage":"ru-RU","potentialAction":[{"@type":"ReadAction","target":["https:\/\/rosyjski-tlumacz.pl\/ru\/%d1%81%d0%b2%d1%8f%d0%b7%d0%b0%d1%82%d1%8c%d1%81%d1%8f\/"]}]},{"@type":"BreadcrumbList","@id":"https:\/\/rosyjski-tlumacz.pl\/ru\/%d1%81%d0%b2%d1%8f%d0%b7%d0%b0%d1%82%d1%8c%d1%81%d1%8f\/#breadcrumb","itemListElement":[{"@type":"ListItem","position":1,"name":"Home","item":"https:\/\/rosyjski-tlumacz.pl\/ru\/%d0%b4%d0%be%d0%bc%d0%b0\/"},{"@type":"ListItem","position":2,"name":"\u0421\u0432\u044f\u0437\u0430\u0442\u044c\u0441\u044f"}]},{"@type":"WebSite","@id":"https:\/\/rosyjski-tlumacz.pl\/ru\/#website","url":"https:\/\/rosyjski-tlumacz.pl\/ru\/","name":"T\u0142umacz j\u0119zyka rosyjskiego","description":"T\u0142umaczenia polsko-rosyjskie i rosyjsko-polskie","publisher":{"@id":"https:\/\/rosyjski-tlumacz.pl\/ru\/#organization"},"potentialAction":[{"@type":"SearchAction","target":{"@type":"EntryPoint","urlTemplate":"https:\/\/rosyjski-tlumacz.pl\/ru\/?s={search_term_string}"},"query-input":{"@type":"PropertyValueSpecification","valueRequired":true,"valueName":"search_term_string"}}],"inLanguage":"ru-RU"},{"@type":"Organization","@id":"https:\/\/rosyjski-tlumacz.pl\/ru\/#organization","name":"T\u0142umacz j\u0119zyka rosyjskiego Stanis\u0142aw Zielonka","url":"https:\/\/rosyjski-tlumacz.pl\/ru\/","logo":{"@type":"ImageObject","inLanguage":"ru-RU","@id":"https:\/\/rosyjski-tlumacz.pl\/ru\/#\/schema\/logo\/image\/","url":"https:\/\/rosyjski-tlumacz.pl\/wp-content\/uploads\/2017\/04\/logo.svg","contentUrl":"https:\/\/rosyjski-tlumacz.pl\/wp-content\/uploads\/2017\/04\/logo.svg","width":1,"height":1,"caption":"T\u0142umacz j\u0119zyka rosyjskiego Stanis\u0142aw Zielonka"},"image":{"@id":"https:\/\/rosyjski-tlumacz.pl\/ru\/#\/schema\/logo\/image\/"},"sameAs":["https:\/\/www.facebook.com\/tlumacz.rosyjskiego","https:\/\/x.com\/JezykRosyjski"]}]}},"_links":{"self":[{"href":"https:\/\/rosyjski-tlumacz.pl\/ru\/wp-json\/wp\/v2\/pages\/41","targetHints":{"allow":["GET"]}}],"collection":[{"href":"https:\/\/rosyjski-tlumacz.pl\/ru\/wp-json\/wp\/v2\/pages"}],"about":[{"href":"https:\/\/rosyjski-tlumacz.pl\/ru\/wp-json\/wp\/v2\/types\/page"}],"author":[{"embeddable":true,"href":"https:\/\/rosyjski-tlumacz.pl\/ru\/wp-json\/wp\/v2\/users\/1759"}],"replies":[{"embeddable":true,"href":"https:\/\/rosyjski-tlumacz.pl\/ru\/wp-json\/wp\/v2\/comments?post=41"}],"version-history":[{"count":0,"href":"https:\/\/rosyjski-tlumacz.pl\/ru\/wp-json\/wp\/v2\/pages\/41\/revisions"}],"wp:attachment":[{"href":"https:\/\/rosyjski-tlumacz.pl\/ru\/wp-json\/wp\/v2\/media?parent=41"}],"curies":[{"name":"wp","href":"https:\/\/api.w.org\/{rel}","templated":true}]}}